{"id":1249,"date":"2022-10-05T17:24:12","date_gmt":"2022-10-05T15:24:12","guid":{"rendered":"https:\/\/23h35photographie.com\/?page_id=1249"},"modified":"2022-10-05T17:24:12","modified_gmt":"2022-10-05T15:24:12","slug":"mentions-legales","status":"publish","type":"page","link":"https:\/\/23h35photographie.com\/index.php\/mentions-legales\/","title":{"rendered":"MENTIONS LEGALES"},"content":{"rendered":"\n<p><strong>\u00c9dition du site Internet<\/strong><\/p>\n\n\n\n<p>Le site 23h35photographie, accessible \u00e0 l\u2019adresse URL www.23h35photographie.com est \u00e9dit\u00e9 par David Saura, dont le domicile est situ\u00e9 10 square du Doyen Yves Milon 35200 RENNES.<\/p>\n\n\n\n<p>SIRET 907 852 909 00015<\/p>\n\n\n\n<p><strong>R\u00e9daction du site Internet<\/strong><\/p>\n\n\n\n<p>Directeur de la publication : David Saura<\/p>\n\n\n\n<p>Contact : 06 63 82 02 22 &#8211; david.saura@23h35photographie.com<\/p>\n\n\n\n<p><strong>H\u00e9bergeur du site Internet<\/strong><\/p>\n\n\n\n<p>Le site 23h35photographie.com est h\u00e9berg\u00e9 par OVH, SAS au capital de 10 174 560 euros, dont le si\u00e8ge social est situ\u00e9 2 rue Kellermann BP 80157 59053 ROUBAIX Cedex 1.<\/p>\n","protected":false},"excerpt":{"rendered":"<p>\u00c9dition du site Internet Le site 23h35photographie, accessible \u00e0 l\u2019adresse URL www.23h35photographie.com est \u00e9dit\u00e9 par David Saura, dont le domicile est situ\u00e9 10 square du Doyen Yves Milon 35200 RENNES. SIRET 907 852 909 00015 R\u00e9daction du site Internet Directeur de la publication : David Saura Contact : 06 63 82 02 22 &#8211; david.saura@23h35photographie.com &hellip; <a href=\"https:\/\/23h35photographie.com\/index.php\/mentions-legales\/\" class=\"more-link\">Continuer la lecture<span class=\"screen-reader-text\"> de &laquo;&nbsp;MENTIONS LEGALES&nbsp;&raquo;<\/span><\/a><\/p>\n","protected":false},"author":1,"featured_media":0,"parent":0,"menu_order":0,"comment_status":"closed","ping_status":"closed","template":"","meta":{"_mi_skip_tracking":false,"_monsterinsights_sitenote_active":false,"_monsterinsights_sitenote_note":"","_monsterinsights_sitenote_category":0,"footnotes":""},"class_list":["post-1249","page","type-page","status-publish","hentry"],"jetpack_sharing_enabled":true,"_links":{"self":[{"href":"https:\/\/23h35photographie.com\/index.php\/wp-json\/wp\/v2\/pages\/1249","targetHints":{"allow":["GET"]}}],"collection":[{"href":"https:\/\/23h35photographie.com\/index.php\/wp-json\/wp\/v2\/pages"}],"about":[{"href":"https:\/\/23h35photographie.com\/index.php\/wp-json\/wp\/v2\/types\/page"}],"author":[{"embeddable":true,"href":"https:\/\/23h35photographie.com\/index.php\/wp-json\/wp\/v2\/users\/1"}],"replies":[{"embeddable":true,"href":"https:\/\/23h35photographie.com\/index.php\/wp-json\/wp\/v2\/comments?post=1249"}],"version-history":[{"count":1,"href":"https:\/\/23h35photographie.com\/index.php\/wp-json\/wp\/v2\/pages\/1249\/revisions"}],"predecessor-version":[{"id":1251,"href":"https:\/\/23h35photographie.com\/index.php\/wp-json\/wp\/v2\/pages\/1249\/revisions\/1251"}],"wp:attachment":[{"href":"https:\/\/23h35photographie.com\/index.php\/wp-json\/wp\/v2\/media?parent=1249"}],"curies":[{"name":"wp","href":"https:\/\/api.w.org\/{rel}","templated":true}]}}